{"id":9400,"date":"2019-11-28T23:19:32","date_gmt":"2019-11-28T22:19:32","guid":{"rendered":"https:\/\/granvelada.com\/blag\/?page_id=9400"},"modified":"2023-07-21T12:34:19","modified_gmt":"2023-07-21T10:34:19","slug":"politica-de-cookies","status":"publish","type":"page","link":"https:\/\/granvelada.com\/blog\/politica-de-cookies\/","title":{"rendered":"Pol\u00edtica de cookies"},"content":{"rendered":"<section class=\"l-section wpb_row height_medium\"><div class=\"l-section-h i-cf\"><div class=\"g-cols vc_row via_flex valign_top type_default stacking_default\"><div class=\"vc_col-sm-12 wpb_column vc_column_container\"><div class=\"vc_column-inner\"><div class=\"wpb_wrapper\"><div class=\"wpb_text_column\"><div class=\"wpb_wrapper\"><h3>Ley de Cookies<\/h3>\n<p>Las cookies son peque\u00f1os archivos de texto que Hacervelas.es utiliza para identificar al usuario que visita el sitio web y as\u00ed mismo mejorar su experiencia de navegaci\u00f3n y acceso a la informaci\u00f3n de utilidad propia o de terceros en la p\u00e1gina web. Las cookies son almacenadas por su navegador en el disco duro durante la duraci\u00f3n de la sesi\u00f3n y ocupan una peque\u00f1a cantidad de espacio y no afectan al funcionamiento de su equipo. Las cookies no contienen informaci\u00f3n personal.<\/p>\n<p>La mayor\u00eda de los navegadores web aceptan autom\u00e1ticamente las cookies. Las cookies se pueden rechazar o aceptar de forma independiente, con la configuraci\u00f3n de seguridad del ordenador. En el caso de desactivar las cookies de <strong>granvelada.com\/blog<\/strong>, algunos elementos de nuestra tienda no estar\u00e1n disponibles y algunas p\u00e1ginas no se mostrar\u00e1n correctamente.<\/p>\n<p>Sin el consentimiento expreso del usuario, Hacervelas.es no vincula la informaci\u00f3n personal (nombre, direcci\u00f3n, etc) con los datos almacenados por las cookies que utiliza. Para utilizar las funciones avanzadas de personalizaci\u00f3n de la web, el usuario acepta <a href=\"https:\/\/www.hacercremas.es\/datos-legales-y-politica-de-privacidad\" target=\"_blank\" rel=\"noreferrer noopener\">la pol\u00edtica de privacidad, protecci\u00f3n de datos y las cookies (temporales \/ permanentes).<\/a><\/p>\n<p>\u00a0<\/p>\n<h3 class=\"wp-block-heading\">Acerca de la Pol\u00edtica de Cookies utilizada<\/h3>\n<p>Al visitar la p\u00e1gina web de <strong>granvelada.com\/blog<\/strong> con la configuraci\u00f3n del navegador ajustada para permitir la aceptaci\u00f3n de cookies o hacer uso de los dispositivos, aplicaciones para m\u00f3viles u otro software de Gran Velada S.L. nos confirma que quieres visualizar la oferta de productos y servicios que se comercializan y publicitan en <strong>granvelada.com\/blog<\/strong> y que prestas tu consentimiento a que utilicemos las cookies y cualesquiera otras tecnolog\u00edas que utilicemos para proporcion\u00e1rtela y que puedas, en su caso, acceder a toda la informaci\u00f3n que precisabas para formalizar la adquisici\u00f3n de dicha oferta. A continuaci\u00f3n encontrar\u00e1s m\u00e1s informaci\u00f3n sobre c\u00f3mo modificar la configuraci\u00f3n de tu navegador, como administrar las cookies as\u00ed como sobre c\u00f3mo desactivarlas.<\/p>\n<h5>\u00bfQu\u00e9 es una cookie?<\/h5>\n<p>Es un dispositivo de almacenamiento de informaci\u00f3n que al acceder a una p\u00e1gina web se descarga en el ordenador o dispositivo electr\u00f3nico del usuario con la finalidad de guardar y recuperar informaci\u00f3n para, principalmente, agilizar la navegaci\u00f3n del usuario.<\/p>\n<h5 class=\"wp-block-heading\">\u00bfPor qu\u00e9 Gran Velada utiliza cookies?<\/h5>\n<p>Gran Velada utiliza cookies para recuperar informaci\u00f3n y de esta forma ofrecer al usuario una navegaci\u00f3n m\u00e1s \u00e1gil evitando solicitar datos que este ya suministr\u00f3 anteriormente. Asimismo Hacervelas.es utiliza cookies para analizar el comportamiento de los usuarios al navegar en la web, resultando una herramienta muy eficaz para valorar el funcionamiento de la p\u00e1gina web e introducir mejoras.<\/p>\n<h5>\u00a0\u00bfDe qu\u00e9 forma Gran Velada utiliza las cookies?<\/h5>\n<p>&nbsp;<\/p>\n<p>Hacervelas.es utiliza las cookies para obtener informaci\u00f3n que considera de gran utilidad. El tipo de cookies que utiliza y la informaci\u00f3n que obtiene con cada una queda detallado a continuaci\u00f3n en el siguiente cuadro:<\/p>\n<p>\u00a0<\/p>\n<figure class=\"wp-block-table is-style-stripes\">\n<table>\n<tbody>\n<tr>\n<td><strong>Tipos de cookies<\/strong><\/td>\n<td><strong>Prop\u00f3sito de este tipo de cookies<\/strong><\/td>\n<\/tr>\n<tr>\n<td><strong>Cookies anal\u00edticas<\/strong><\/td>\n<td>Estas cookies se utilizan para analizar el comportamiento de los usuarios de forma agregada y an\u00f3nima incluyendo el n\u00famero de visitantes a la web y a diferentes fichas de producto, la procedencia de las visita, d\u00eda y hora, plataforma, numero de clics en una ficha, palabras de b\u00fasqueda que utiliza un usuario para encontrar su contenido deseado. De esta forma Hacervelas.es se sirve de un medio de gran utilidad para poder introducir mejoras en el sitio web y saber qu\u00e9 contenido o dise\u00f1o es m\u00e1s relevante para el usuario.<\/td>\n<\/tr>\n<tr>\n<td><strong>Cookies funcionales<\/strong><\/td>\n<td>Son cookies que ayudan al usuario a tener una mejor experiencia de la navegaci\u00f3n por el sitio. Un ejemplo de uso de este tipo de cookies son las que se utilizan para almacenar los datos de los cupones en los que se ha hecho click para ver la oferta, para saber si el usuario complet\u00f3 el formulario de suscripci\u00f3n al boletin, o simplemente para saber los \u00faltimos productos consultados, entre otras similares.<\/td>\n<\/tr>\n<tr>\n<td><strong>Cookie de publicidad<\/strong><\/td>\n<td>Utilizamos estas cookies con el fin de mostrar anuncios en otras paginas para ofrecer anuncios mas adecuados a los intereses de los usuarios. En este caso tenemos tanto cookies propias como cookies almacenados por terceros.<\/td>\n<\/tr>\n<tr>\n<td><strong>Cookies t\u00e9cnicas<\/strong><\/td>\n<td>Las cookies t\u00e9cnicas son necesarias para mostrar correctamente la p\u00e1gina web y garantizar el correcto funcionamiento del sitio. Estas cookies est\u00e1n relacionadas con la sesi\u00f3n del usuario, el login y la gesti\u00f3n de las ofertas o servicios.<\/td>\n<\/tr>\n<\/tbody>\n<\/table>\n<\/figure>\n<p>\u00a0<\/p>\n<h3 class=\"wp-block-heading\">\u00bfC\u00f3mo puedo obtener m\u00e1s informaci\u00f3n acerca de las cookies?<\/h3>\n<p>Si te diriges a la configuraci\u00f3n del navegador que tienes instalado en tu terminal, tienes la posibilidad de seleccionar qu\u00e9 cookies quieres aceptar y cuales rechazar. Para mayor informaci\u00f3n al respecto, puedes dirigirte al link<a href=\"https:\/\/support.google.com\/accounts\/answer\/32050?hl=es\" target=\"_blank\" rel=\"noreferrer noopener\">https:\/\/support.google.com\/accounts\/answer\/32050?hl=es<\/a><\/p>\n<p>\u00a0<\/p>\n<h3 class=\"wp-block-heading\">\u00bfC\u00f3mo activar, administrar, desactivar o eliminar las cookies?<\/h3>\n<p>Ten en cuenta que, si deshabilitas las cookies en tu dispositivo, la navegabilidad y, en definitiva, la experiencia en Hacervelas.es puede no ser tan buena como ten\u00edamos pensado. De hecho, si decides bloquear todas las cookies (incluyendo las \u201cesenciales\/t\u00e9cnicas\u201d que te hemos comentado m\u00e1s arriba) puede que no seas capaz de acceder a parte de nuestro contenido o utilizar aquellos servicios que las necesitan, teniendo por tanto problemas en el acceso y navegaci\u00f3n en la web as\u00ed como en la contrataci\u00f3n de nuestros servicios o los de terceros que colaboran con nuestra web anunci\u00e1ndolos.<\/p>\n<p>En todo caso, activar, desactivar o eliminar las cookies es muy sencillo en tu navegador. <strong>Veamos los m\u00e1s habituales:<\/strong><\/p>\n<p>\u00a0<\/p>\n<blockquote class=\"wp-block-quote is-style-default is-layout-flow wp-block-quote-is-layout-flow\">\n<p><strong>\u2013 Si utilizas Internet Explorer 8.0+:<\/strong><\/p>\n<p>En el men\u00fa de \u201cHerramientas\u201d, selecciona \u2018Opciones de Internet\u2019<\/p>\n<p>Haz clic en la pesta\u00f1a de \u201cPrivacidad\u201d.<\/p>\n<p>Elige el nivel de privacidad que desees moviendo el cursor que tiene seis posiciones dependiendo de la cantidad de cookies que permitir\u00e1s se instalen.<\/p>\n<p>O desde el enlace <a href=\"http:\/\/windows.microsoft.com\/es-es\/windows7\/how-to-manage-cookies-in-internet-explorer-9\" target=\"_blank\" rel=\"noreferrer noopener\">http:\/\/windows.microsoft.com\/es-es\/windows7\/how-to-manage-cookies-in-internet-explorer-9<\/a><\/p>\n<p><strong>\u2013 Si utilizas Firefox 4.0+:<\/strong><\/p>\n<p>En el men\u00fa de \u201cHerramientas\u201d, selecciona \u201cOpciones\u201d<\/p>\n<p>Selecciona la etiqueta de \u201cPrivacidad\u201d en la barra superior<\/p>\n<p>Elige la opci\u00f3n que desees.<\/p>\n<p>O desde el enlace <a href=\"http:\/\/support.mozilla.org\/es\/kb\/habilitar-y-deshabilitar-cookies-que-los-sitios-we\" target=\"_blank\" rel=\"noreferrer noopener\">http:\/\/support.mozilla.org\/es\/kb\/habilitar-y-deshabilitar-cookies-que-los-sitios-we<\/a><\/p>\n<p><strong>\u2013 Si utilizas Google Chrome:<\/strong><\/p>\n<p>En el men\u00fa, dentro de \u201cConfiguraci\u00f3n\u201d, selecciona \u201cMostrar opciones avanzadas\u201d.<\/p>\n<p>Selecciona \u201cConfiguraci\u00f3n de contenido\u201d dentro de la opci\u00f3n \u201cPrivacidad\u201d.<\/p>\n<p>O desde el enlace <a href=\"http:\/\/support.google.com\/chrome\/bin\/answer.py?hl=es&amp;answer=95647\" target=\"_blank\" rel=\"noreferrer noopener\">http:\/\/support.google.com\/chrome\/bin\/answer.py?hl=es&amp;answer=95647<\/a><\/p>\n<p><strong>\u2013 Si utilizas Safari:<\/strong><\/p>\n<p>Dentro de \u201cAjustes\u201d y \u201cSafari\u201d, selecciona la opci\u00f3n \u201cPreferencias\u201d<\/p>\n<p>Abre la pesta\u00f1a de \u201cPrivacidad\u201d<\/p>\n<p>Dentro de la opci\u00f3n \u201cBloquear cookies\u201d, selecciona la opci\u00f3n que mejor se ajuste a tus necesidades.<\/p>\n<p>O desde el enlace <a href=\"http:\/\/support.apple.com\/kb\/ph5042\" target=\"_blank\" rel=\"noreferrer noopener\">http:\/\/support.apple.com\/kb\/ph5042<\/a><\/p>\n<\/blockquote>\n<p>La \u00fanica manera de revocar el consentimiento una vez dado es v\u00eda eliminar las cookies ya descargadas. Para ello sigue las instrucciones de m\u00e1s arriba.<\/p>\n<p>Por otra parte, si quieres no ser rastreado por Google Analytics a trav\u00e9s de todas las p\u00e1ginas web, ve al siguiente link: <a href=\"http:\/\/tools.google.com\/dlpage\/gaoptout\">http:\/\/tools.google.com\/dlpage\/gaoptout<\/a><\/p>\n<p>Tambi\u00e9n existen tras herramientas para que puedas detectar las cookies en cada sitio Web que visitas y gestionar su desactivaci\u00f3n, una de las que puedes utilizar es \u201cGhostery\u201d Por favor, lea atentamente la secci\u00f3n de ayuda de su navegador para conocer m\u00e1s acerca de c\u00f3mo activar el \u201cmodo privado\u201d, si lo desea, de forma que podr\u00e1 seguir visitando nuestras webs aunque su navegador est\u00e9 en \u201cmodo privado\u201d, si bien, su navegaci\u00f3n por nuestra web puede no ser \u00f3ptima y algunas utilidades pueden no funcionar correctamente.<\/p>\n<p>Si necesitas mayor informaci\u00f3n acerca del funcionamiento de las cookies, as\u00ed como la forma de eliminarlas, puedes dirigirte al siguiente enlace: <a href=\"http:\/\/www.aboutcookies.org\/\">www.aboutcookies.org<\/a><\/p>\n<p>Los datos ser\u00e1n guardados con la debida confidencialidad, aplic\u00e1ndose las medidas t\u00e9cnicas u organizativas establecidas en la legislaci\u00f3n vigente para evitar su acceso, manipulaci\u00f3n o eliminaci\u00f3n no autorizados, y sin que, salvo consentimiento por tu parte, vayan a ser cedidos a otras entidades o terceras personas fuera de los casos indicados y en los supuestos legalmente permitidos. Cuando expresamente se indique, los datos marcados con un asterisco (*) ser\u00e1n obligatorios, sin los cuales no podremos tramitar las peticiones correspondientes.<\/p>\n<p>La contrataci\u00f3n de nuestros productos, el alta o registro en cualquiera de las secciones de esta web, incluyendo boletines o newsletters, la participaci\u00f3n a trav\u00e9s de los blogs o el env\u00edo de datos a trav\u00e9s de nuestros formularios de contacto o a cualquiera de las direcciones indicadas o por tel\u00e9fono, supondr\u00e1 que nos prestas tu autorizaci\u00f3n a los tratamientos descritos, as\u00ed como para el env\u00edo de comunicaciones comerciales relativas a productos, servicios o actividades propias o de terceros.<\/p>\n<p>En cualquier caso, podr\u00e1s en cualquier momento ejercer sus derechos de acceso, cancelaci\u00f3n, oposici\u00f3n o rectificaci\u00f3n en relaci\u00f3n con dichos datos, solicit\u00e1ndolo a cualquiera de las direcciones indicadas en nuestro Aviso Legal.<\/p>\n<p><strong>Suscripci\u00f3n a boletines o newsletters:<\/strong><\/p>\n<p>La suscripci\u00f3n a nuestra newsletter implica que te enviaremos peri\u00f3dicamente a la direcci\u00f3n de correo electr\u00f3nico indicada noticias y promociones exclusivas sobre nuestra actividad y productos.<\/p>\n<p>Puedes oponerse al env\u00edo de dichas comunicaciones y solicitar la baja en el servicio en todo momento simplemente respondiendo al remitente con el asunto \u201cBAJA\u201d.<\/p>\n<p><strong>Cookies y datos de navegaci\u00f3n:<\/strong><\/p>\n<p>Este sitio web utiliza cookies para gestionar las sesiones de usuarios registrados, personalizar el idioma de la web, analizar las vistas y actividad de los usuarios an\u00f3nimos o registrados, compartir contenidos a trav\u00e9s de redes sociales, proporcionar un servicio de atenci\u00f3n al cliente por medio de chat, y por motivos de seguridad. Cualquier acci\u00f3n que no sea el bloqueo de las mismas implica el consentimiento para su instalaci\u00f3n y uso.<\/p>\n<p>En concreto las cookies utilizadas son:<\/p>\n<p>\u00a0<\/p>\n<ul class=\"wp-block-list\">\n<li>Cookies para usuarios registrados (display_class, display): gestiona el alta y registro de usuarios y mantiene abierta la sesi\u00f3n.<\/li>\n<li>Cookies sociales (_atuvc,_atuvs, xtc, uid, uvc, btz, vc, loc): para difundir o compartir determinados contenidos a trav\u00e9s de redes sociales. La cookie en este caso redirige al usuario para que inicie sesi\u00f3n en los espacios anteriores e introduce el contenido en su espacio o cuenta para poder ser compartido.<\/li>\n<li>Cookies de seguridad (_cfduid): elimina restricciones de seguridad en el acceso a la web a nivel de IP, en los casos en que el usuario es confiable.<\/li>\n<li>Cookie de atenci\u00f3n al cliente por medio de chat (_zlcid, _zprivacy): guarda el identificador de usuario de este servicio a lo largo de distintas sesiones de chat por medio de distintos dispositivos.<\/li>\n<li>Google Analytics (_utma, _utmb, _utmc, _utmz): registra datos de acceso, navegaci\u00f3n y visitas a nuestra web por medio del servicio de Google Inc.<\/li>\n<\/ul>\n<p>Todas las cookies anteriores pueden ser bloqueadas, a excepci\u00f3n de las cookies de seguridad, si bien en caso de hacerlo podr\u00e1 encontrar restricciones a algunas funcionalidades de la web (acceso por medio de registro, difundir contenidos por medio de redes sociales, o acceder al servicio de atenci\u00f3n al cliente por medio de chat).<\/p>\n<p>El tratamiento de los datos correspondientes a cookies de terceros, esto es, todas las anteriores salvo las cookies de sesi\u00f3n, corresponde a los responsables de los servicios correspondientes. Gran Velada \u00fanicamente tiene acceso a datos anonimizados, por lo que no puede asociar dichos datos por si solos a una persona concreta.<\/p>\n<p>Ciertos datos de navegaci\u00f3n referentes a la direcci\u00f3n IP de cada usuario se almacenan diariamente en los archivos de log de nuestros servidores. En concreto, la propia direcci\u00f3n IP, el navegador utilizado, la definici\u00f3n de pantalla, idioma, el sistema operativo y la p\u00e1gina referente (incluyendo cualesquiera criterios que hayan sido introducidos en una herramienta de b\u00fasqueda), que permiten analizar tendencias, administrar v\u00ednculos y contenidos en el sitio y recoger informaci\u00f3n estad\u00edstica acerca de la audiencia. El usuario permanece an\u00f3nimo durante el proceso y no se hace esfuerzo alguno por asociar la direcci\u00f3n IP con los datos personales del usuario.<\/p>\n<p>\u00a0<\/p>\n<\/div><\/div><\/div><\/div><\/div><\/div><\/div><\/section>","protected":false},"excerpt":{"rendered":"Ley de Cookies Las cookies son peque\u00f1os archivos de texto que Hacervelas.es utiliza para identificar al usuario que visita el sitio web y as\u00ed mismo mejorar su experiencia de navegaci\u00f3n y acceso a la informaci\u00f3n de utilidad propia o de terceros en la p\u00e1gina web. Las cookies son almacenadas por su navegador en el disco...","protected":false},"author":4,"featured_media":0,"parent":0,"menu_order":0,"comment_status":"closed","ping_status":"closed","template":"","meta":{"_acf_changed":false,"_monsterinsights_skip_tracking":false,"_monsterinsights_sitenote_active":false,"_monsterinsights_sitenote_note":"","_monsterinsights_sitenote_category":0,"_uf_show_specific_survey":0,"_uf_disable_surveys":false,"footnotes":""},"class_list":["post-9400","page","type-page","status-publish","hentry"],"acf":[],"yoast_head":"<!-- This site is optimized with the Yoast SEO plugin v19.13 - https:\/\/yoast.com\/wordpress\/plugins\/seo\/ -->\n<title>Pol\u00edtica de cookies<\/title>\n<meta name=\"description\" content=\"Descubre la politica de Cookies de Gran Velada.\" \/>\n<meta name=\"robots\" content=\"index, follow, max-snippet:-1, max-image-preview:large, max-video-preview:-1\" \/>\n<link rel=\"canonical\" href=\"https:\/\/granvelada.com\/blog\/politica-de-cookies\/\" \/>\n<meta property=\"og:locale\" content=\"es_ES\" \/>\n<meta property=\"og:type\" content=\"article\" \/>\n<meta property=\"og:title\" content=\"Pol\u00edtica de cookies\" \/>\n<meta property=\"og:description\" content=\"Descubre la politica de Cookies de Gran Velada.\" \/>\n<meta property=\"og:url\" content=\"https:\/\/granvelada.com\/blog\/politica-de-cookies\/\" \/>\n<meta property=\"og:site_name\" content=\"Blog de Gran Velada\" \/>\n<meta property=\"article:publisher\" content=\"https:\/\/es-la.facebook.com\/hacerjabon\" \/>\n<meta property=\"article:modified_time\" content=\"2023-07-21T10:34:19+00:00\" \/>\n<meta name=\"twitter:card\" content=\"summary_large_image\" \/>\n<meta name=\"twitter:site\" content=\"@granvelada\" \/>\n<meta name=\"twitter:label1\" content=\"Tiempo de lectura\" \/>\n\t<meta name=\"twitter:data1\" content=\"9 minutos\" \/>\n<script type=\"application\/ld+json\" class=\"yoast-schema-graph\">{\"@context\":\"https:\/\/schema.org\",\"@graph\":[{\"@type\":\"WebPage\",\"@id\":\"https:\/\/granvelada.com\/blog\/politica-de-cookies\/\",\"url\":\"https:\/\/granvelada.com\/blog\/politica-de-cookies\/\",\"name\":\"Pol\u00edtica de cookies\",\"isPartOf\":{\"@id\":\"https:\/\/granvelada.com\/blog\/#website\"},\"datePublished\":\"2019-11-28T22:19:32+00:00\",\"dateModified\":\"2023-07-21T10:34:19+00:00\",\"description\":\"Descubre la politica de Cookies de Gran Velada.\",\"breadcrumb\":{\"@id\":\"https:\/\/granvelada.com\/blog\/politica-de-cookies\/#breadcrumb\"},\"inLanguage\":\"es\",\"potentialAction\":[{\"@type\":\"ReadAction\",\"target\":[\"https:\/\/granvelada.com\/blog\/politica-de-cookies\/\"]}]},{\"@type\":\"BreadcrumbList\",\"@id\":\"https:\/\/granvelada.com\/blog\/politica-de-cookies\/#breadcrumb\",\"itemListElement\":[{\"@type\":\"ListItem\",\"position\":1,\"name\":\"Portada\",\"item\":\"https:\/\/granvelada.com\/blog\/\"},{\"@type\":\"ListItem\",\"position\":2,\"name\":\"Pol\u00edtica de cookies\"}]},{\"@type\":\"WebSite\",\"@id\":\"https:\/\/granvelada.com\/blog\/#website\",\"url\":\"https:\/\/granvelada.com\/blog\/\",\"name\":\"Blog de Gran Velada\",\"description\":\"Recetas y tutoriales para hacer cremas, jabones, velas, detalles y cosm\u00e9tica casera\",\"publisher\":{\"@id\":\"https:\/\/granvelada.com\/blog\/#organization\"},\"potentialAction\":[{\"@type\":\"SearchAction\",\"target\":{\"@type\":\"EntryPoint\",\"urlTemplate\":\"https:\/\/granvelada.com\/blog\/?s={search_term_string}\"},\"query-input\":\"required name=search_term_string\"}],\"inLanguage\":\"es\"},{\"@type\":\"Organization\",\"@id\":\"https:\/\/granvelada.com\/blog\/#organization\",\"name\":\"Granvelada.com\",\"url\":\"https:\/\/granvelada.com\/blog\/\",\"logo\":{\"@type\":\"ImageObject\",\"inLanguage\":\"es\",\"@id\":\"https:\/\/granvelada.com\/blog\/#\/schema\/logo\/image\/\",\"url\":\"https:\/\/granvelada.com\/blog\/wp-content\/uploads\/2015\/06\/hacervelas-granvelada.jpg\",\"contentUrl\":\"https:\/\/granvelada.com\/blog\/wp-content\/uploads\/2015\/06\/hacervelas-granvelada.jpg\",\"width\":851,\"height\":315,\"caption\":\"Granvelada.com\"},\"image\":{\"@id\":\"https:\/\/granvelada.com\/blog\/#\/schema\/logo\/image\/\"},\"sameAs\":[\"https:\/\/www.pinterest.com\/hacerjabon\/\",\"https:\/\/www.youtube.com\/user\/hacerjabones\",\"https:\/\/es-la.facebook.com\/hacerjabon\",\"https:\/\/twitter.com\/granvelada\"]}]}<\/script>\n<!-- \/ Yoast SEO plugin. -->","yoast_head_json":{"title":"Pol\u00edtica de cookies","description":"Descubre la politica de Cookies de Gran Velada.","robots":{"index":"index","follow":"follow","max-snippet":"max-snippet:-1","max-image-preview":"max-image-preview:large","max-video-preview":"max-video-preview:-1"},"canonical":"https:\/\/granvelada.com\/blog\/politica-de-cookies\/","og_locale":"es_ES","og_type":"article","og_title":"Pol\u00edtica de cookies","og_description":"Descubre la politica de Cookies de Gran Velada.","og_url":"https:\/\/granvelada.com\/blog\/politica-de-cookies\/","og_site_name":"Blog de Gran Velada","article_publisher":"https:\/\/es-la.facebook.com\/hacerjabon","article_modified_time":"2023-07-21T10:34:19+00:00","twitter_card":"summary_large_image","twitter_site":"@granvelada","twitter_misc":{"Tiempo de lectura":"9 minutos"},"schema":{"@context":"https:\/\/schema.org","@graph":[{"@type":"WebPage","@id":"https:\/\/granvelada.com\/blog\/politica-de-cookies\/","url":"https:\/\/granvelada.com\/blog\/politica-de-cookies\/","name":"Pol\u00edtica de cookies","isPartOf":{"@id":"https:\/\/granvelada.com\/blog\/#website"},"datePublished":"2019-11-28T22:19:32+00:00","dateModified":"2023-07-21T10:34:19+00:00","description":"Descubre la politica de Cookies de Gran Velada.","breadcrumb":{"@id":"https:\/\/granvelada.com\/blog\/politica-de-cookies\/#breadcrumb"},"inLanguage":"es","potentialAction":[{"@type":"ReadAction","target":["https:\/\/granvelada.com\/blog\/politica-de-cookies\/"]}]},{"@type":"BreadcrumbList","@id":"https:\/\/granvelada.com\/blog\/politica-de-cookies\/#breadcrumb","itemListElement":[{"@type":"ListItem","position":1,"name":"Portada","item":"https:\/\/granvelada.com\/blog\/"},{"@type":"ListItem","position":2,"name":"Pol\u00edtica de cookies"}]},{"@type":"WebSite","@id":"https:\/\/granvelada.com\/blog\/#website","url":"https:\/\/granvelada.com\/blog\/","name":"Blog de Gran Velada","description":"Recetas y tutoriales para hacer cremas, jabones, velas, detalles y cosm\u00e9tica casera","publisher":{"@id":"https:\/\/granvelada.com\/blog\/#organization"},"potentialAction":[{"@type":"SearchAction","target":{"@type":"EntryPoint","urlTemplate":"https:\/\/granvelada.com\/blog\/?s={search_term_string}"},"query-input":"required name=search_term_string"}],"inLanguage":"es"},{"@type":"Organization","@id":"https:\/\/granvelada.com\/blog\/#organization","name":"Granvelada.com","url":"https:\/\/granvelada.com\/blog\/","logo":{"@type":"ImageObject","inLanguage":"es","@id":"https:\/\/granvelada.com\/blog\/#\/schema\/logo\/image\/","url":"https:\/\/granvelada.com\/blog\/wp-content\/uploads\/2015\/06\/hacervelas-granvelada.jpg","contentUrl":"https:\/\/granvelada.com\/blog\/wp-content\/uploads\/2015\/06\/hacervelas-granvelada.jpg","width":851,"height":315,"caption":"Granvelada.com"},"image":{"@id":"https:\/\/granvelada.com\/blog\/#\/schema\/logo\/image\/"},"sameAs":["https:\/\/www.pinterest.com\/hacerjabon\/","https:\/\/www.youtube.com\/user\/hacerjabones","https:\/\/es-la.facebook.com\/hacerjabon","https:\/\/twitter.com\/granvelada"]}]}},"_links":{"self":[{"href":"https:\/\/granvelada.com\/blog\/wp-json\/wp\/v2\/pages\/9400","targetHints":{"allow":["GET"]}}],"collection":[{"href":"https:\/\/granvelada.com\/blog\/wp-json\/wp\/v2\/pages"}],"about":[{"href":"https:\/\/granvelada.com\/blog\/wp-json\/wp\/v2\/types\/page"}],"author":[{"embeddable":true,"href":"https:\/\/granvelada.com\/blog\/wp-json\/wp\/v2\/users\/4"}],"replies":[{"embeddable":true,"href":"https:\/\/granvelada.com\/blog\/wp-json\/wp\/v2\/comments?post=9400"}],"version-history":[{"count":9,"href":"https:\/\/granvelada.com\/blog\/wp-json\/wp\/v2\/pages\/9400\/revisions"}],"predecessor-version":[{"id":14544,"href":"https:\/\/granvelada.com\/blog\/wp-json\/wp\/v2\/pages\/9400\/revisions\/14544"}],"wp:attachment":[{"href":"https:\/\/granvelada.com\/blog\/wp-json\/wp\/v2\/media?parent=9400"}],"curies":[{"name":"wp","href":"https:\/\/api.w.org\/{rel}","templated":true}]}}