{"id":9398,"date":"2019-11-28T23:16:23","date_gmt":"2019-11-28T22:16:23","guid":{"rendered":"https:\/\/granvelada.com\/blag\/?page_id=9398"},"modified":"2022-09-06T13:01:34","modified_gmt":"2022-09-06T11:01:34","slug":"proteccion-de-datos","status":"publish","type":"page","link":"https:\/\/granvelada.com\/blog\/proteccion-de-datos\/","title":{"rendered":"Protecci\u00f3n de datos"},"content":{"rendered":"<section class=\"l-section wpb_row height_medium\"><div class=\"l-section-h i-cf\"><div class=\"g-cols vc_row via_flex valign_top type_default stacking_default\"><div class=\"vc_col-sm-12 wpb_column vc_column_container\"><div class=\"vc_column-inner\"><div class=\"wpb_wrapper\"><div class=\"wpb_text_column\"><div class=\"wpb_wrapper\"><h3 class=\"wp-block-heading\">Protecci\u00f3n de datos de car\u00e1cter personal<\/h3>\n<p>A trav\u00e9s de este sitio web se recogen y tratan datos de car\u00e1cter personal, necesarios para tramitar las consultas y futuras compras de la tienda online, la atenci\u00f3n de peticiones, sugerencias o dudas sobre nuestros productos o servicios, el an\u00e1lisis del tr\u00e1fico, visitas y navegaci\u00f3n web, la gesti\u00f3n usuarios registrados y de los comentarios a trav\u00e9s de blogs y, en su caso, el env\u00edo de comunicaciones comerciales por correo electr\u00f3nico y redes sociales. Dichos datos, junto con la direcci\u00f3n IP correspondiente a tu conexi\u00f3n y\/o equipo, se incorporar\u00e1n a nuestros ficheros, y se procesar\u00e1n con arreglo a la normativa espa\u00f1ola sobre protecci\u00f3n de datos de car\u00e1cter personal y el Reglamento (UE) 2016\/679, del Parlamento Europeo y del Consejo, de 27 de abril de 2016, relativo a la protecci\u00f3n de las personas f\u00edsicas en lo que respecta al tratamiento de datos personales y a la libre circulaci\u00f3n de estos datos y por el que se deroga la Directiva 95\/46\/CE (Reglamento general de protecci\u00f3n de datos).<\/p>\n<p>Los datos anteriores ser\u00e1n gestionados por Gran Velada, S.L., como Responsable del Tratamiento, empresa con NIF B99359739 y domicilio en Magall\u00f3n (Zaragoza, Espa\u00f1a), Pol\u00edgono Industrial Montecillo, nave 3D. Puedes contactar con nosotros a la direcci\u00f3n anterior as\u00ed como por las dem\u00e1s v\u00edas indicadas en nuestro Aviso Legal.<\/p>\n<p>Los datos ser\u00e1n guardados con la debida confidencialidad, aplic\u00e1ndose medidas t\u00e9cnicas y organizativas apropiadas y suficientes para garantizar los derechos de los afectados y un nivel de seguridad adecuado al riesgo.<\/p>\n<p>Asimismo, te informamos que tus datos no ser\u00e1n ser cedidos a otras entidades o terceras personas salvo aquellos publicados con motivo de comentarios en nuestros blogs o en los supuestos legalmente permitidos. Cuando expresamente lo indiquemos en los correspondientes formularios, los datos marcados con un asterisco (*) ser\u00e1n obligatorios, sin los cuales no podremos tramitar las peticiones\/servicios correspondientes.<\/p>\n<p>&nbsp;<\/p>\n<h3 class=\"wp-block-heading\">Finalidad y uso de los datos<\/h3>\n<p>Utilizamos tus datos de distintas formas, ya sea en funci\u00f3n de la informaci\u00f3n que nos solicites (resoluci\u00f3n de dudas, consultas o reclamaciones, informaci\u00f3n sobre nuestros productos o servicios, suscripci\u00f3n a boletines o newsletters), tu condici\u00f3n de usuario (an\u00e1lisis de visitas, tr\u00e1fico y navegaci\u00f3n a trav\u00e9s de la web, gesti\u00f3n de perfil en caso de alta\/registro, gesti\u00f3n de comentarios en blogs y redes sociales) y\/o de cliente (tramitaci\u00f3n de pedidos y compras, facturaci\u00f3n y contabilidad, Servicio de Atenci\u00f3n al Cliente, y env\u00edo de comunicaciones comerciales electr\u00f3nicas). La navegaci\u00f3n por nuestras p\u00e1ginas web, la contrataci\u00f3n de nuestros productos, el alta o registro en cualquiera de las secciones de esta web, incluyendo boletines o newsletters, la participaci\u00f3n a trav\u00e9s de los blogs o el env\u00edo de datos a trav\u00e9s de nuestros formularios de contacto o a cualquiera de las direcciones indicadas o por tel\u00e9fono, supondr\u00e1 que nos prestas tu autorizaci\u00f3n a los tratamientos descritos, as\u00ed como, en su caso, para el env\u00edo de comunicaciones comerciales relativas a productos, servicios o actividades propias o de terceros.<\/p>\n<p>No se requiere autorizaci\u00f3n expresa para el env\u00edo de comunicaciones comerciales relativas a productos o servicios id\u00e9nticos o similares a los contratados anteriormente, sin perjuicio del derecho oponerse al referido tratamiento en cualquier momento. En el resto de casos, el usuario deber\u00e1 aceptar o solicitar expresamente el env\u00edo de comunicaciones comerciales.<\/p>\n<p>La base jur\u00eddica del tratamiento de tus datos es la atenci\u00f3n y gesti\u00f3n de las peticiones de los usuarios y clientes conforme a lo indicado anteriormente, el cumplimiento de la relaci\u00f3n contractual con nuestros clientes, nuestro inter\u00e9s leg\u00edtimo con fines de mercadotecnia, y el consentimiento prestado a los efectos anteriores.<\/p>\n<p>&nbsp;<\/p>\n<h3 class=\"wp-block-heading\">Alta\/Registro en la web<\/h3>\n<p>Los usuarios de este sitio web podr\u00e1n registrarse como usuarios y crear y gestionar su perfil y suscripciones, acceder y participar en determinados espacios de esta web y facilitar el proceso de compra de nuestros productos.<\/p>\n<p>El registro como usuario implica la autorizaci\u00f3n para el tratamiento de los datos introducidos a los efectos anteriores, que podr\u00e1 ser revocada en ejercicio de tus derechos seg\u00fan se indica posteriormente.<\/p>\n<p>&nbsp;<\/p>\n<h3 class=\"wp-block-heading\">Participaci\u00f3n en los blogs<\/h3>\n<p>La participaci\u00f3n en nuestros blogs implica la recogida y tratamiento de datos para la gesti\u00f3n, administraci\u00f3n y difusi\u00f3n de sus comentarios.<\/p>\n<p>El usuario, por el hecho de enviar sus comentarios en dichos espacios autoriza el tratamiento de los datos proporcionados, as\u00ed como a la publicaci\u00f3n del nombre proporcionado, imagen asociada a su perfil de usuario, web y contenidos introducidos, en la p\u00e1gina de referencia.<\/p>\n<p>Los datos anteriores podr\u00e1n gestionarse y, en su caso, suprimirse, ejercitando los derechos correspondientes.<\/p>\n<p>&nbsp;<\/p>\n<h3 class=\"wp-block-heading\">Suscripci\u00f3n a boletines o Newsletters<\/h3>\n<p>La suscripci\u00f3n a nuestra newsletter implica que te enviaremos peri\u00f3dicamente a la direcci\u00f3n de correo electr\u00f3nico indicada noticias y promociones exclusivas sobre nuestra actividad y productos.<\/p>\n<p>Puedes oponerse al env\u00edo de dichas comunicaciones y solicitar la baja en el servicio en todo momento simplemente respondiendo al remitente con el asunto \u201cBAJA\u201d, as\u00ed como solicitar la supresi\u00f3n y resto de derechos de acuerdo con lo indicado posteriormente..<\/p>\n<h3>Cookies y datos de navegaci\u00f3n<\/h3>\n<p>&nbsp;<\/p>\n<p>Este sitio web utiliza cookies para gestionar las sesiones de usuarios registrados, personalizar el idioma de la web, analizar las vistas y actividad de los usuarios an\u00f3nimos o registrados, compartir contenidos a trav\u00e9s de redes sociales, proporcionar un servicio de Atenci\u00f3n al Cliente por medio de chat, y por motivos de seguridad. Cualquier acci\u00f3n que no sea el bloqueo de las mismas implica el consentimiento para su instalaci\u00f3n y uso, sin perjuicio de los derechos en materia de protecci\u00f3n de datos que te asisten.<\/p>\n<p>En concreto las cookies utilizadas son:<\/p>\n<p>Cookies para usuarios registrados (display_class, display): gestiona el alta y registro de usuarios y mantiene abierta la sesi\u00f3n.<br \/>Cookies sociales (_atuvc,_atuvs, xtc, uid, uvc, btz, vc, loc): para difundir o compartir determinados contenidos a trav\u00e9s de redes sociales. La cookie en este caso redirige al usuario para que inicie sesi\u00f3n en los espacios anteriores e introduce el contenido en su espacio o cuenta para poder ser compartido.<br \/>Cookies de seguridad (_cfduid): elimina restricciones de seguridad en el acceso a la web a nivel de IP, en los casos en que el usuario es confiable.<br \/>Cookie de atenci\u00f3n al cliente por medio de chat (_zlcid, _zprivacy): guarda el identificador de usuario de este servicio a lo largo de distintas sesiones de chat por medio de distintos dispositivos.<br \/>Google Analytics (_utma, _utmb, _utmc, _utmz): registra datos de acceso, navegaci\u00f3n y visitas a nuestra web por medio del servicio de Google Inc.<br \/>Todas las cookies anteriores pueden ser bloqueadas, a excepci\u00f3n de las cookies de seguridad, si bien en caso de hacerlo podr\u00e1s encontrar restricciones a algunas funcionalidades de la web (acceso por medio de registro, difundir contenidos por medio de redes sociales, o acceder al servicio de atenci\u00f3n al cliente por medio de chat).<\/p>\n<p>El tratamiento de los datos correspondientes a cookies de terceros, esto es, todas las anteriores salvo las cookies de sesi\u00f3n, corresponde a los responsables de los servicios correspondientes. Gran Velada \u00fanicamente tiene acceso a datos anonimizados, por lo que no puede asociar dichos datos por si solos a una persona concreta.<\/p>\n<p>Ciertos datos de navegaci\u00f3n referentes a la direcci\u00f3n IP de cada usuario se almacenan diariamente en los archivos de log de nuestros servidores. En concreto, la propia direcci\u00f3n IP, el navegador utilizado, la definici\u00f3n de pantalla, idioma, el sistema operativo y la p\u00e1gina referente (incluyendo cualesquiera criterios que hayan sido introducidos en una herramienta de b\u00fasqueda), que permiten analizar tendencias, administrar v\u00ednculos y contenidos en el sitio y recoger informaci\u00f3n estad\u00edstica acerca de la audiencia. El usuario permanece an\u00f3nimo durante el proceso y no se hace esfuerzo alguno por asociar la direcci\u00f3n IP con los datos personales del usuario.<\/p>\n<p>De acuerdo con lo exigido en las condiciones de Google Analytics, te informamos que dicho servicio anal\u00edtico de web es prestado por Google, Inc. (en adelante Google), una compa\u00f1\u00eda de Delaware cuya oficina principal est\u00e1 en 1600 Amphitheatre Parkway, Mountain View (California), CA 94043, Estados Unidos. Google Analytics utiliza sus propias cookies, indicadas en los puntos anteriores, para ayudar al website a analizar el uso que hacen los usuarios del sitio web. La informaci\u00f3n que genera la cookie acerca de su uso del website (incluyendo tu direcci\u00f3n IP) ser\u00e1 directamente transmitida y archivada por Google en los servidores de Estados Unidos. Google usar\u00e1 estos datos, p\u00e1ginas y b\u00fasquedas referentes, datos de localizaci\u00f3n, y otros h\u00e1bitos de navegaci\u00f3n, para recopilar informaci\u00f3n sobre el uso del sitio web, recopilando informes de la actividad y prestando otros servicios relacionados el website y el uso de Internet. El uso de dicha informaci\u00f3n es responsabilidad exclusiva de Google, que establece en sus condiciones que podr\u00e1 transmitirla a terceros cuando as\u00ed se lo requiera la legislaci\u00f3n, o cuando dichos terceros procesen la informaci\u00f3n por cuenta de Google.<\/p>\n<p>&nbsp;<\/p>\n<h3 class=\"wp-block-heading\">Plazo de conservaci\u00f3n y derecho de los afectados<\/h3>\n<p>Los datos anteriores ser\u00e1n conservados en tanto el usuario no haya cancelado su alta\/registro en la web o su suscripci\u00f3n a boletines o newsletters, hasta que las gestiones y usos correspondientes hayan sido finalizados o, en el resto de casos, durante un plazo m\u00e1ximo de tres meses, si bien los datos proporcionados en los comentarios a nuestros blogs se mantendr\u00e1n indefinidamente. Los datos de clientes relativos a compras ser\u00e1n conservados hasta el cumplimiento \u00edntegro del contrato y posteriormente hasta la prescripci\u00f3n de cualesquiera acciones o responsabilidades derivadas de lo anterior.<\/p>\n<p>En todo caso, puedes en cualquier momento solicitar el acceso a tus datos personales, su rectificaci\u00f3n o supresi\u00f3n, as\u00ed como ejercer los derechos de limitaci\u00f3n de su tratamiento, oposici\u00f3n y portabilidad de los datos con arreglo a la normativa correspondiente, y dirigi\u00e9ndote por escrito a las direcciones indicadas en este documento o en el Aviso Legal.<\/p>\n<p>Igualmente, te informamos de la posibilidad de presentar una reclamaci\u00f3n ante la Agencia Espa\u00f1ola de Protecci\u00f3n de Datos en caso de que consideres que el tratamiento de tus datos no sea el adecuado.\u00a0<\/p>\n<\/div><\/div><\/div><\/div><\/div><\/div><\/div><\/section>","protected":false},"excerpt":{"rendered":"Protecci\u00f3n de datos de car\u00e1cter personal A trav\u00e9s de este sitio web se recogen y tratan datos de car\u00e1cter personal, necesarios para tramitar las consultas y futuras compras de la tienda online, la atenci\u00f3n de peticiones, sugerencias o dudas sobre nuestros productos o servicios, el an\u00e1lisis del tr\u00e1fico, visitas y navegaci\u00f3n web, la gesti\u00f3n usuarios...","protected":false},"author":4,"featured_media":0,"parent":0,"menu_order":0,"comment_status":"closed","ping_status":"closed","template":"","meta":{"_acf_changed":false,"_monsterinsights_skip_tracking":false,"_monsterinsights_sitenote_active":false,"_monsterinsights_sitenote_note":"","_monsterinsights_sitenote_category":0,"_uf_show_specific_survey":0,"_uf_disable_surveys":false,"footnotes":""},"class_list":["post-9398","page","type-page","status-publish","hentry"],"acf":[],"yoast_head":"<!-- This site is optimized with the Yoast SEO plugin v19.13 - https:\/\/yoast.com\/wordpress\/plugins\/seo\/ -->\n<title>Protecci\u00f3n de datos<\/title>\n<meta name=\"robots\" content=\"noindex, follow\" \/>\n<meta property=\"og:locale\" content=\"es_ES\" \/>\n<meta property=\"og:type\" content=\"article\" \/>\n<meta property=\"og:title\" content=\"Protecci\u00f3n de datos\" \/>\n<meta property=\"og:url\" content=\"https:\/\/granvelada.com\/blog\/proteccion-de-datos\/\" \/>\n<meta property=\"og:site_name\" content=\"Blog de Gran Velada\" \/>\n<meta property=\"article:publisher\" content=\"https:\/\/es-la.facebook.com\/hacerjabon\" \/>\n<meta property=\"article:modified_time\" content=\"2022-09-06T11:01:34+00:00\" \/>\n<meta name=\"twitter:card\" content=\"summary_large_image\" \/>\n<meta name=\"twitter:site\" content=\"@granvelada\" \/>\n<meta name=\"twitter:label1\" content=\"Tiempo de lectura\" \/>\n\t<meta name=\"twitter:data1\" content=\"9 minutos\" \/>\n<script type=\"application\/ld+json\" class=\"yoast-schema-graph\">{\"@context\":\"https:\/\/schema.org\",\"@graph\":[{\"@type\":\"WebPage\",\"@id\":\"https:\/\/granvelada.com\/blog\/proteccion-de-datos\/\",\"url\":\"https:\/\/granvelada.com\/blog\/proteccion-de-datos\/\",\"name\":\"Protecci\u00f3n de datos\",\"isPartOf\":{\"@id\":\"https:\/\/granvelada.com\/blog\/#website\"},\"datePublished\":\"2019-11-28T22:16:23+00:00\",\"dateModified\":\"2022-09-06T11:01:34+00:00\",\"breadcrumb\":{\"@id\":\"https:\/\/granvelada.com\/blog\/proteccion-de-datos\/#breadcrumb\"},\"inLanguage\":\"es\",\"potentialAction\":[{\"@type\":\"ReadAction\",\"target\":[\"https:\/\/granvelada.com\/blog\/proteccion-de-datos\/\"]}]},{\"@type\":\"BreadcrumbList\",\"@id\":\"https:\/\/granvelada.com\/blog\/proteccion-de-datos\/#breadcrumb\",\"itemListElement\":[{\"@type\":\"ListItem\",\"position\":1,\"name\":\"Portada\",\"item\":\"https:\/\/granvelada.com\/blog\/\"},{\"@type\":\"ListItem\",\"position\":2,\"name\":\"Protecci\u00f3n de datos\"}]},{\"@type\":\"WebSite\",\"@id\":\"https:\/\/granvelada.com\/blog\/#website\",\"url\":\"https:\/\/granvelada.com\/blog\/\",\"name\":\"Blog de Gran Velada\",\"description\":\"Recetas y tutoriales para hacer cremas, jabones, velas, detalles y cosm\u00e9tica casera\",\"publisher\":{\"@id\":\"https:\/\/granvelada.com\/blog\/#organization\"},\"potentialAction\":[{\"@type\":\"SearchAction\",\"target\":{\"@type\":\"EntryPoint\",\"urlTemplate\":\"https:\/\/granvelada.com\/blog\/?s={search_term_string}\"},\"query-input\":\"required name=search_term_string\"}],\"inLanguage\":\"es\"},{\"@type\":\"Organization\",\"@id\":\"https:\/\/granvelada.com\/blog\/#organization\",\"name\":\"Granvelada.com\",\"url\":\"https:\/\/granvelada.com\/blog\/\",\"logo\":{\"@type\":\"ImageObject\",\"inLanguage\":\"es\",\"@id\":\"https:\/\/granvelada.com\/blog\/#\/schema\/logo\/image\/\",\"url\":\"https:\/\/granvelada.com\/blog\/wp-content\/uploads\/2015\/06\/hacervelas-granvelada.jpg\",\"contentUrl\":\"https:\/\/granvelada.com\/blog\/wp-content\/uploads\/2015\/06\/hacervelas-granvelada.jpg\",\"width\":851,\"height\":315,\"caption\":\"Granvelada.com\"},\"image\":{\"@id\":\"https:\/\/granvelada.com\/blog\/#\/schema\/logo\/image\/\"},\"sameAs\":[\"https:\/\/www.pinterest.com\/hacerjabon\/\",\"https:\/\/www.youtube.com\/user\/hacerjabones\",\"https:\/\/es-la.facebook.com\/hacerjabon\",\"https:\/\/twitter.com\/granvelada\"]}]}<\/script>\n<!-- \/ Yoast SEO plugin. -->","yoast_head_json":{"title":"Protecci\u00f3n de datos","robots":{"index":"noindex","follow":"follow"},"og_locale":"es_ES","og_type":"article","og_title":"Protecci\u00f3n de datos","og_url":"https:\/\/granvelada.com\/blog\/proteccion-de-datos\/","og_site_name":"Blog de Gran Velada","article_publisher":"https:\/\/es-la.facebook.com\/hacerjabon","article_modified_time":"2022-09-06T11:01:34+00:00","twitter_card":"summary_large_image","twitter_site":"@granvelada","twitter_misc":{"Tiempo de lectura":"9 minutos"},"schema":{"@context":"https:\/\/schema.org","@graph":[{"@type":"WebPage","@id":"https:\/\/granvelada.com\/blog\/proteccion-de-datos\/","url":"https:\/\/granvelada.com\/blog\/proteccion-de-datos\/","name":"Protecci\u00f3n de datos","isPartOf":{"@id":"https:\/\/granvelada.com\/blog\/#website"},"datePublished":"2019-11-28T22:16:23+00:00","dateModified":"2022-09-06T11:01:34+00:00","breadcrumb":{"@id":"https:\/\/granvelada.com\/blog\/proteccion-de-datos\/#breadcrumb"},"inLanguage":"es","potentialAction":[{"@type":"ReadAction","target":["https:\/\/granvelada.com\/blog\/proteccion-de-datos\/"]}]},{"@type":"BreadcrumbList","@id":"https:\/\/granvelada.com\/blog\/proteccion-de-datos\/#breadcrumb","itemListElement":[{"@type":"ListItem","position":1,"name":"Portada","item":"https:\/\/granvelada.com\/blog\/"},{"@type":"ListItem","position":2,"name":"Protecci\u00f3n de datos"}]},{"@type":"WebSite","@id":"https:\/\/granvelada.com\/blog\/#website","url":"https:\/\/granvelada.com\/blog\/","name":"Blog de Gran Velada","description":"Recetas y tutoriales para hacer cremas, jabones, velas, detalles y cosm\u00e9tica casera","publisher":{"@id":"https:\/\/granvelada.com\/blog\/#organization"},"potentialAction":[{"@type":"SearchAction","target":{"@type":"EntryPoint","urlTemplate":"https:\/\/granvelada.com\/blog\/?s={search_term_string}"},"query-input":"required name=search_term_string"}],"inLanguage":"es"},{"@type":"Organization","@id":"https:\/\/granvelada.com\/blog\/#organization","name":"Granvelada.com","url":"https:\/\/granvelada.com\/blog\/","logo":{"@type":"ImageObject","inLanguage":"es","@id":"https:\/\/granvelada.com\/blog\/#\/schema\/logo\/image\/","url":"https:\/\/granvelada.com\/blog\/wp-content\/uploads\/2015\/06\/hacervelas-granvelada.jpg","contentUrl":"https:\/\/granvelada.com\/blog\/wp-content\/uploads\/2015\/06\/hacervelas-granvelada.jpg","width":851,"height":315,"caption":"Granvelada.com"},"image":{"@id":"https:\/\/granvelada.com\/blog\/#\/schema\/logo\/image\/"},"sameAs":["https:\/\/www.pinterest.com\/hacerjabon\/","https:\/\/www.youtube.com\/user\/hacerjabones","https:\/\/es-la.facebook.com\/hacerjabon","https:\/\/twitter.com\/granvelada"]}]}},"_links":{"self":[{"href":"https:\/\/granvelada.com\/blog\/wp-json\/wp\/v2\/pages\/9398","targetHints":{"allow":["GET"]}}],"collection":[{"href":"https:\/\/granvelada.com\/blog\/wp-json\/wp\/v2\/pages"}],"about":[{"href":"https:\/\/granvelada.com\/blog\/wp-json\/wp\/v2\/types\/page"}],"author":[{"embeddable":true,"href":"https:\/\/granvelada.com\/blog\/wp-json\/wp\/v2\/users\/4"}],"replies":[{"embeddable":true,"href":"https:\/\/granvelada.com\/blog\/wp-json\/wp\/v2\/comments?post=9398"}],"version-history":[{"count":2,"href":"https:\/\/granvelada.com\/blog\/wp-json\/wp\/v2\/pages\/9398\/revisions"}],"predecessor-version":[{"id":14545,"href":"https:\/\/granvelada.com\/blog\/wp-json\/wp\/v2\/pages\/9398\/revisions\/14545"}],"wp:attachment":[{"href":"https:\/\/granvelada.com\/blog\/wp-json\/wp\/v2\/media?parent=9398"}],"curies":[{"name":"wp","href":"https:\/\/api.w.org\/{rel}","templated":true}]}}