{"id":9396,"date":"2019-11-28T23:13:01","date_gmt":"2019-11-28T22:13:01","guid":{"rendered":"https:\/\/granvelada.com\/blag\/?page_id=9396"},"modified":"2021-06-19T13:05:48","modified_gmt":"2021-06-19T11:05:48","slug":"informacion-legal","status":"publish","type":"page","link":"https:\/\/granvelada.com\/blog\/informacion-legal\/","title":{"rendered":"Informaci\u00f3n Legal"},"content":{"rendered":"<section class=\"l-section wpb_row height_medium\"><div class=\"l-section-h i-cf\"><div class=\"g-cols vc_row via_flex valign_top type_default stacking_default\"><div class=\"vc_col-sm-12 wpb_column vc_column_container\"><div class=\"vc_column-inner\"><div class=\"wpb_wrapper\"><div class=\"wpb_text_column\"><div class=\"wpb_wrapper\"><h3 class=\"wp-block-heading\"><strong>Informaci\u00f3n legal Gran Velada<\/strong><\/h3>\n<p>Este sitio web pertenece y es gestionado por Gran Velada S.L. (en adelante,\u00a0 Gran Velada) empresa domiciliada en Magall\u00f3n (Zaragoza, Espa\u00f1a) en el Pol\u00edgono Industrial Montecillo nave 3D CP: 50520 , con CIF B99359739 e inscrita en el Registro Mercantil de Zaragoza al tomo 3940, folio 183, secci\u00f3n 8, hoja\u00a0 54089.<\/p>\n<p>A los efectos de la Ley de Servicios de la Sociedad de la Informaci\u00f3n te indicamos que puedes contactar con nosotros a la direcci\u00f3n anterior, as\u00ed como al tel\u00e9fono, (+34) 976 86 74 74, y por medio de la direcci\u00f3n de correo electr\u00f3nico contacto@granvelada.com.<\/p>\n<p>Nuestro horario de atenci\u00f3n preferente es de lunes a viernes de 9 a 13 horas, y de 15 a 18 horas.<\/p>\n<p>&nbsp;<\/p>\n<h3 class=\"wp-block-heading\"><strong>Productos y servicios<\/strong><\/h3>\n<p>Gran Velada es una tienda online que incluye informaci\u00f3n, consejos y material de primera calidad para fabricar productos de cosm\u00e9tica, cremas, velas, jabones, perfumes, ambientadores, moldes y mucho m\u00e1s.<\/p>\n<p>Gran Velada naci\u00f3 hace m\u00e1s de diez a\u00f1os con la finalidad de proporcionarte todo lo que necesitas para fabricar productos arom\u00e1ticos, ya sean los materiales como consejos de utilidad, tanto a trav\u00e9s de nuestros blogs (granvelada.com\/blog, www.hacerjabon.es, www.hacerjabones.es, www.hacervelas.es, www.hacercremas.es, www.hacerdetalles.es, www.hacermoldes.es y www.manualidadesnavidad.es), como en nuestros canales en redes sociales Facebook (www.facebook.com\/hacerjabon), Twitter (www.twitter.com\/hacerjabones y www.twitter.com\/granvelada), Instagram (www.instagram.com\/granvelada\/)\u00a0 Pinterest (www.pinterest.com\/hacerjabon) o YouTube (www.youtube.com\/user\/hacerjabones).<\/p>\n<p>Esta p\u00e1gina incluye informaci\u00f3n legal sobre Gran Velada. Para comprar cualquiera de nuestros productos deber\u00e1s seguir el proceso de compra de nuestra tienda online y aceptar las Condiciones de Venta correspondientes.<\/p>\n<p>Si est\u00e1s interesado en ofrecernos tus productos para su venta en Gran Velada, puedes contactar con nosotros a las direcciones indicadas.<\/p>\n<p>&nbsp;<\/p>\n<h3 class=\"wp-block-heading\"><strong>Responsabilidad<\/strong><\/h3>\n<p>Todos los productos incluidos en esta web son revisados, si bien no podemos garantizar en todo caso la ausencia de errores o la falta de actualizaci\u00f3n de su informaci\u00f3n. En caso de detectar alguno, por favor ponte en contacto con nosotros y\u00a0 haremos lo posible para corregirlo.<\/p>\n<p>Los consejos de esta web se facilitan con una finalidad informativa y seg\u00fan nuestra experiencia, pero no garantizamos los resultados que puedas conseguir. En todo caso, nuestros productos y consejos est\u00e1n destinados a personas mayores de edad, no deben ser manipulados ni dejarse al alcance de los ni\u00f1os.<\/p>\n<p>No somos responsables ni controlamos, valoramos o recomendamos los comentarios o contenidos introducidos por terceros, incluyendo enlaces de hipertexto, tanto de esta web como en nuestros blogs o canales de redes sociales como Facebook, Pinterest, Instagrama, Twitter, YouTube o similares. La responsabilidad en todo caso es de la persona que efect\u00fae dichos comentarios o introduzca los correspondientes contenidos.<\/p>\n<p>No obstante lo anterior, en caso de detectarse cualquier contenido inapropiado, por favor indic\u00e1dnoslo para que podamos tomar las medidas oportunas.<\/p>\n<p>&nbsp;<\/p>\n<h3 class=\"wp-block-heading\"><strong>Propiedad Intelectual e industrial<\/strong><\/h3>\n<p>El sitio web, incluyendo a t\u00edtulo enunciativo pero no limitativo su programaci\u00f3n, bases de datos, textos, im\u00e1genes, v\u00eddeos, sonidos o animaciones, el nombre y logotipo \u201cGran Velada\u201d y dem\u00e1s elementos necesarios para su funcionamiento, son propiedad de Gran Velada o en su caso dispone de licencia o autorizaci\u00f3n expresa por parte de los titulares de los mismos. Todos los contenidos del sitio web se encuentran debidamente protegidos por la normativa de propiedad intelectual e industrial, as\u00ed como inscritos en los registros p\u00fablicos correspondientes.<\/p>\n<p>Toda reproducci\u00f3n uso, explotaci\u00f3n, distribuci\u00f3n y transformaci\u00f3n de los elementos anteriores requiere en todo caso de la autorizaci\u00f3n escrita previa por parte de Gran Velada. Cualquier uso no autorizado previamente por nosotros ser\u00e1 considerado un incumplimiento de los derechos de propiedad intelectual o industrial del autor.<\/p>\n<p>Los dise\u00f1os, logotipos, texto y\/o gr\u00e1ficos ajenos a Gran Velada y que pudieran aparecer en el sitio web, pertenecen a sus respectivos propietarios, siendo ellos mismos responsables de cualquier posible controversia que pudiera suscitarse respecto a los mismos. En todo caso, Gran Velada cuenta con la autorizaci\u00f3n expresa y previa por parte de los mismos.<\/p>\n<p>&nbsp;<\/p>\n<h3 class=\"wp-block-heading\"><strong>Ley Aplicable y Jurisdicci\u00f3n<\/strong><\/h3>\n<p>Para la resoluci\u00f3n de todas las controversias o cuestiones relacionadas con el presente sitio web ser\u00e1 de aplicaci\u00f3n la legislaci\u00f3n espa\u00f1ola, y competentes los Juzgados y Tribunales de Zaragoza capital.<\/p>\n<p>\u00a9 Gran Velada, S.L. Espa\u00f1a. Todos los derechos reservados.<\/p>\n<p>&nbsp;<\/p>\n<\/div><\/div><\/div><\/div><\/div><\/div><\/div><\/section>","protected":false},"excerpt":{"rendered":"Informaci\u00f3n legal Gran Velada Este sitio web pertenece y es gestionado por Gran Velada S.L. (en adelante,\u00a0 Gran Velada) empresa domiciliada en Magall\u00f3n (Zaragoza, Espa\u00f1a) en el Pol\u00edgono Industrial Montecillo nave 3D CP: 50520 , con CIF B99359739 e inscrita en el Registro Mercantil de Zaragoza al tomo 3940, folio 183, secci\u00f3n 8, hoja\u00a0 54089....","protected":false},"author":4,"featured_media":0,"parent":0,"menu_order":0,"comment_status":"closed","ping_status":"closed","template":"","meta":{"_acf_changed":false,"_monsterinsights_skip_tracking":false,"_monsterinsights_sitenote_active":false,"_monsterinsights_sitenote_note":"","_monsterinsights_sitenote_category":0,"_uf_show_specific_survey":0,"_uf_disable_surveys":false,"footnotes":""},"class_list":["post-9396","page","type-page","status-publish","hentry"],"acf":[],"yoast_head":"<!-- This site is optimized with the Yoast SEO plugin v19.13 - https:\/\/yoast.com\/wordpress\/plugins\/seo\/ -->\n<title>Informaci\u00f3n Legal<\/title>\n<meta name=\"robots\" content=\"noindex, nofollow\" \/>\n<meta property=\"og:locale\" content=\"es_ES\" \/>\n<meta property=\"og:type\" content=\"article\" \/>\n<meta property=\"og:title\" content=\"Informaci\u00f3n Legal\" \/>\n<meta property=\"og:url\" content=\"https:\/\/granvelada.com\/blog\/informacion-legal\/\" \/>\n<meta property=\"og:site_name\" content=\"Blog de Gran Velada\" \/>\n<meta property=\"article:publisher\" content=\"https:\/\/es-la.facebook.com\/hacerjabon\" \/>\n<meta property=\"article:modified_time\" content=\"2021-06-19T11:05:48+00:00\" \/>\n<meta name=\"twitter:card\" content=\"summary_large_image\" \/>\n<meta name=\"twitter:site\" content=\"@granvelada\" \/>\n<meta name=\"twitter:label1\" content=\"Tiempo de lectura\" \/>\n\t<meta name=\"twitter:data1\" content=\"3 minutos\" \/>\n<script type=\"application\/ld+json\" class=\"yoast-schema-graph\">{\"@context\":\"https:\/\/schema.org\",\"@graph\":[{\"@type\":\"WebPage\",\"@id\":\"https:\/\/granvelada.com\/blog\/informacion-legal\/\",\"url\":\"https:\/\/granvelada.com\/blog\/informacion-legal\/\",\"name\":\"Informaci\u00f3n Legal\",\"isPartOf\":{\"@id\":\"https:\/\/granvelada.com\/blog\/#website\"},\"datePublished\":\"2019-11-28T22:13:01+00:00\",\"dateModified\":\"2021-06-19T11:05:48+00:00\",\"breadcrumb\":{\"@id\":\"https:\/\/granvelada.com\/blog\/informacion-legal\/#breadcrumb\"},\"inLanguage\":\"es\",\"potentialAction\":[{\"@type\":\"ReadAction\",\"target\":[\"https:\/\/granvelada.com\/blog\/informacion-legal\/\"]}]},{\"@type\":\"BreadcrumbList\",\"@id\":\"https:\/\/granvelada.com\/blog\/informacion-legal\/#breadcrumb\",\"itemListElement\":[{\"@type\":\"ListItem\",\"position\":1,\"name\":\"Portada\",\"item\":\"https:\/\/granvelada.com\/blog\/\"},{\"@type\":\"ListItem\",\"position\":2,\"name\":\"Informaci\u00f3n Legal\"}]},{\"@type\":\"WebSite\",\"@id\":\"https:\/\/granvelada.com\/blog\/#website\",\"url\":\"https:\/\/granvelada.com\/blog\/\",\"name\":\"Blog de Gran Velada\",\"description\":\"Recetas y tutoriales para hacer cremas, jabones, velas, detalles y cosm\u00e9tica casera\",\"publisher\":{\"@id\":\"https:\/\/granvelada.com\/blog\/#organization\"},\"potentialAction\":[{\"@type\":\"SearchAction\",\"target\":{\"@type\":\"EntryPoint\",\"urlTemplate\":\"https:\/\/granvelada.com\/blog\/?s={search_term_string}\"},\"query-input\":\"required name=search_term_string\"}],\"inLanguage\":\"es\"},{\"@type\":\"Organization\",\"@id\":\"https:\/\/granvelada.com\/blog\/#organization\",\"name\":\"Granvelada.com\",\"url\":\"https:\/\/granvelada.com\/blog\/\",\"logo\":{\"@type\":\"ImageObject\",\"inLanguage\":\"es\",\"@id\":\"https:\/\/granvelada.com\/blog\/#\/schema\/logo\/image\/\",\"url\":\"https:\/\/granvelada.com\/blog\/wp-content\/uploads\/2015\/06\/hacervelas-granvelada.jpg\",\"contentUrl\":\"https:\/\/granvelada.com\/blog\/wp-content\/uploads\/2015\/06\/hacervelas-granvelada.jpg\",\"width\":851,\"height\":315,\"caption\":\"Granvelada.com\"},\"image\":{\"@id\":\"https:\/\/granvelada.com\/blog\/#\/schema\/logo\/image\/\"},\"sameAs\":[\"https:\/\/www.pinterest.com\/hacerjabon\/\",\"https:\/\/www.youtube.com\/user\/hacerjabones\",\"https:\/\/es-la.facebook.com\/hacerjabon\",\"https:\/\/twitter.com\/granvelada\"]}]}<\/script>\n<!-- \/ Yoast SEO plugin. -->","yoast_head_json":{"title":"Informaci\u00f3n Legal","robots":{"index":"noindex","follow":"nofollow"},"og_locale":"es_ES","og_type":"article","og_title":"Informaci\u00f3n Legal","og_url":"https:\/\/granvelada.com\/blog\/informacion-legal\/","og_site_name":"Blog de Gran Velada","article_publisher":"https:\/\/es-la.facebook.com\/hacerjabon","article_modified_time":"2021-06-19T11:05:48+00:00","twitter_card":"summary_large_image","twitter_site":"@granvelada","twitter_misc":{"Tiempo de lectura":"3 minutos"},"schema":{"@context":"https:\/\/schema.org","@graph":[{"@type":"WebPage","@id":"https:\/\/granvelada.com\/blog\/informacion-legal\/","url":"https:\/\/granvelada.com\/blog\/informacion-legal\/","name":"Informaci\u00f3n Legal","isPartOf":{"@id":"https:\/\/granvelada.com\/blog\/#website"},"datePublished":"2019-11-28T22:13:01+00:00","dateModified":"2021-06-19T11:05:48+00:00","breadcrumb":{"@id":"https:\/\/granvelada.com\/blog\/informacion-legal\/#breadcrumb"},"inLanguage":"es","potentialAction":[{"@type":"ReadAction","target":["https:\/\/granvelada.com\/blog\/informacion-legal\/"]}]},{"@type":"BreadcrumbList","@id":"https:\/\/granvelada.com\/blog\/informacion-legal\/#breadcrumb","itemListElement":[{"@type":"ListItem","position":1,"name":"Portada","item":"https:\/\/granvelada.com\/blog\/"},{"@type":"ListItem","position":2,"name":"Informaci\u00f3n Legal"}]},{"@type":"WebSite","@id":"https:\/\/granvelada.com\/blog\/#website","url":"https:\/\/granvelada.com\/blog\/","name":"Blog de Gran Velada","description":"Recetas y tutoriales para hacer cremas, jabones, velas, detalles y cosm\u00e9tica casera","publisher":{"@id":"https:\/\/granvelada.com\/blog\/#organization"},"potentialAction":[{"@type":"SearchAction","target":{"@type":"EntryPoint","urlTemplate":"https:\/\/granvelada.com\/blog\/?s={search_term_string}"},"query-input":"required name=search_term_string"}],"inLanguage":"es"},{"@type":"Organization","@id":"https:\/\/granvelada.com\/blog\/#organization","name":"Granvelada.com","url":"https:\/\/granvelada.com\/blog\/","logo":{"@type":"ImageObject","inLanguage":"es","@id":"https:\/\/granvelada.com\/blog\/#\/schema\/logo\/image\/","url":"https:\/\/granvelada.com\/blog\/wp-content\/uploads\/2015\/06\/hacervelas-granvelada.jpg","contentUrl":"https:\/\/granvelada.com\/blog\/wp-content\/uploads\/2015\/06\/hacervelas-granvelada.jpg","width":851,"height":315,"caption":"Granvelada.com"},"image":{"@id":"https:\/\/granvelada.com\/blog\/#\/schema\/logo\/image\/"},"sameAs":["https:\/\/www.pinterest.com\/hacerjabon\/","https:\/\/www.youtube.com\/user\/hacerjabones","https:\/\/es-la.facebook.com\/hacerjabon","https:\/\/twitter.com\/granvelada"]}]}},"_links":{"self":[{"href":"https:\/\/granvelada.com\/blog\/wp-json\/wp\/v2\/pages\/9396","targetHints":{"allow":["GET"]}}],"collection":[{"href":"https:\/\/granvelada.com\/blog\/wp-json\/wp\/v2\/pages"}],"about":[{"href":"https:\/\/granvelada.com\/blog\/wp-json\/wp\/v2\/types\/page"}],"author":[{"embeddable":true,"href":"https:\/\/granvelada.com\/blog\/wp-json\/wp\/v2\/users\/4"}],"replies":[{"embeddable":true,"href":"https:\/\/granvelada.com\/blog\/wp-json\/wp\/v2\/comments?post=9396"}],"version-history":[{"count":3,"href":"https:\/\/granvelada.com\/blog\/wp-json\/wp\/v2\/pages\/9396\/revisions"}],"predecessor-version":[{"id":14540,"href":"https:\/\/granvelada.com\/blog\/wp-json\/wp\/v2\/pages\/9396\/revisions\/14540"}],"wp:attachment":[{"href":"https:\/\/granvelada.com\/blog\/wp-json\/wp\/v2\/media?parent=9396"}],"curies":[{"name":"wp","href":"https:\/\/api.w.org\/{rel}","templated":true}]}}